{"id":3,"date":"2021-04-03T12:36:10","date_gmt":"2021-04-03T10:36:10","guid":{"rendered":"http:\/\/www.champagne-bernard-gonet.fr\/?page_id=3"},"modified":"2024-11-22T10:56:48","modified_gmt":"2024-11-22T09:56:48","slug":"politique-de-confidentialite","status":"publish","type":"page","link":"https:\/\/www.champagne-bernard-gonet.fr\/es\/politique-de-confidentialite\/","title":{"rendered":"Pol\u00edtica de privacidad"},"content":{"rendered":"<div class=\"vgblk-rw-wrapper limit-wrapper\">\n<p><strong><meta charset=\"utf-8\">Recogida de datos personales<\/strong><\/p>\n\n\n\n<h2 class=\"wp-block-heading\">Introducci\u00f3n<\/h2>\n\n\n\n<p>Con el desarrollo de nuevas herramientas de comunicaci\u00f3n, es necesario prestar especial atenci\u00f3n a la protecci\u00f3n de la privacidad. Por eso nos comprometemos a respetar la confidencialidad de la informaci\u00f3n personal que recopilamos.<\/p>\n\n\n\n<h2 class=\"wp-block-heading\">Recogida de datos personales<\/h2>\n\n\n\n<ul class=\"wp-block-list\"><li>Nombre<\/li><li>Direcci\u00f3n postal<\/li><li>C\u00f3digo postal<\/li><li>Correo electr\u00f3nico<\/li><li>N\u00famero de tel\u00e9fono\/fax<\/li><\/ul>\n\n\n\n<p>La informaci\u00f3n personal que recopilamos se recoge a trav\u00e9s de formularios y mediante la interactividad establecida entre usted y nuestro sitio web. Como se indica en la secci\u00f3n siguiente, tambi\u00e9n utilizamos cookies y\/o archivos de registro para recopilar informaci\u00f3n sobre usted.<\/p>\n\n\n\n<h2 class=\"wp-block-heading\">Formas e interactividad:<\/h2>\n\n\n\n<p>Sus datos personales se recogen a trav\u00e9s de los siguientes formularios:<br>Utilizamos la informaci\u00f3n recopilada para los siguientes fines:<br>Su informaci\u00f3n tambi\u00e9n se recopila a trav\u00e9s de la interactividad que pueda establecerse entre usted y nuestro sitio web de las siguientes maneras:<br>Utilizamos la informaci\u00f3n recopilada para los siguientes fines:<\/p>\n\n\n\n<ul class=\"wp-block-list\"><li>Informaci\u00f3n u ofertas promocionales<\/li><li>Contacto<\/li><\/ul>\n\n\n\n<h2 class=\"wp-block-heading\">Derecho de oposici\u00f3n y retirada<\/h2>\n\n\n\n<p>Nos comprometemos a ofrecerle el derecho a oponerse al uso de su informaci\u00f3n personal y el derecho a retirar su consentimiento para dicho uso.<br>Se entiende por derecho de retractaci\u00f3n la posibilidad que se ofrece a los internautas de solicitar que sus datos personales dejen de figurar, por ejemplo, en una lista de correo.<br><strong>Para ejercer estos derechos, puede :<\/strong><br>C\u00f3digo postal: 69002Courriel: nicolas@asb-digital.frT\u00e9l\u00e9phone: 0647046015Secci\u00f3n web: http:\/\/www.champagne-bernard-gonet.fr\/<\/p>\n\n\n\n<h2 class=\"wp-block-heading\">Derecho de acceso<\/h2>\n\n\n\n<p>Nos comprometemos a conceder un derecho de acceso y rectificaci\u00f3n a las personas interesadas que deseen consultar, modificar o suprimir la informaci\u00f3n que les concierne.<br><strong>Este derecho puede ejercerse :<\/strong><br>C\u00f3digo postal: 69002Courriel: nicolas@asb-digital.frT\u00e9l\u00e9phone: 0647046015Secci\u00f3n web: http:\/\/www.champagne-bernard-gonet.fr\/<\/p>\n\n\n\n<h2 class=\"wp-block-heading\">Seguridad<\/h2>\n\n\n\n<p>La informaci\u00f3n personal que recopilamos se guarda en un entorno seguro. Las personas que trabajan para nosotros est\u00e1n obligadas a respetar la confidencialidad de su informaci\u00f3n.<br>Para garantizar la seguridad de su informaci\u00f3n personal, utilizamos las siguientes medidas:<\/p>\n\n\n\n<ul class=\"wp-block-list\"><li>Protocolo SSL<\/li><li>Copia de seguridad inform\u00e1tica<\/li><\/ul>\n\n\n\n<p>Nos comprometemos a mantener un alto nivel de confidencialidad incorporando las \u00faltimas innovaciones tecnol\u00f3gicas para garantizar la confidencialidad de sus transacciones. Sin embargo, como ning\u00fan mecanismo ofrece la m\u00e1xima seguridad, siempre existe un elemento de riesgo cuando se utiliza Internet para transmitir informaci\u00f3n personal.<\/p>\n\n\n\n<h2 class=\"wp-block-heading\">Legislaci\u00f3n<\/h2>\n\n\n\n<p>Nos comprometemos a cumplir las disposiciones legislativas establecidas en :<br>Legislaci\u00f3n: Pol\u00edtica de privacidad<br><strong>Generador de pol\u00edtica de privacidad \/ <\/strong><a href=\"\/\/www.politiquedeconfidentialite.ca\" target=\"_blank\" rel=\"noreferrer noopener\"><strong>Pol\u00edtica de privacidad<\/strong><\/a><\/p>\n<\/div><!-- .vgblk-rw-wrapper -->","protected":false},"excerpt":{"rendered":"<p>Recogida de informaci\u00f3n personal Introducci\u00f3n Con el desarrollo de nuevas herramientas de comunicaci\u00f3n, es necesario prestar especial atenci\u00f3n a la protecci\u00f3n de la privacidad. Por ello, nos comprometemos a respetar la confidencialidad de la informaci\u00f3n personal que recopilamos. Recogida de informaci\u00f3n personal Nombre Direcci\u00f3n postal C\u00f3digo postal Direcci\u00f3n de correo electr\u00f3nico N\u00famero de tel\u00e9fono...<\/p>","protected":false},"author":1,"featured_media":0,"parent":0,"menu_order":0,"comment_status":"closed","ping_status":"open","template":"","meta":{"footnotes":""},"class_list":["post-3","page","type-page","status-publish","hentry"],"yoast_head":"<!-- This site is optimized with the Yoast SEO plugin v20.7 - https:\/\/yoast.com\/wordpress\/plugins\/seo\/ -->\n<title>Accueil - Champagne Bernard Gonet<\/title>\n<meta name=\"description\" content=\"Retrouvez la page RGPD, la politique de confidentialit\u00e9 du site, les infos sur vos donn\u00e9es personnelles r\u00e9colt\u00e9es.\" \/>\n<meta name=\"robots\" content=\"index, follow, max-snippet:-1, max-image-preview:large, max-video-preview:-1\" \/>\n<link rel=\"canonical\" href=\"https:\/\/www.champagne-bernard-gonet.fr\/es\/politique-de-confidentialite\/\" \/>\n<meta property=\"og:locale\" content=\"es_ES\" \/>\n<meta property=\"og:type\" content=\"article\" \/>\n<meta property=\"og:title\" content=\"Accueil - Champagne Bernard Gonet\" \/>\n<meta property=\"og:description\" content=\"Retrouvez la page RGPD, la politique de confidentialit\u00e9 du site, les infos sur vos donn\u00e9es personnelles r\u00e9colt\u00e9es.\" \/>\n<meta property=\"og:url\" content=\"https:\/\/www.champagne-bernard-gonet.fr\/es\/politique-de-confidentialite\/\" \/>\n<meta property=\"og:site_name\" content=\"Champagne Bernard Gonet\" \/>\n<meta property=\"article:modified_time\" content=\"2024-11-22T09:56:48+00:00\" \/>\n<meta name=\"twitter:card\" content=\"summary_large_image\" \/>\n<meta name=\"twitter:label1\" content=\"Tiempo de lectura\" \/>\n\t<meta name=\"twitter:data1\" content=\"3 minutos\" \/>\n<script type=\"application\/ld+json\" class=\"yoast-schema-graph\">{\"@context\":\"https:\/\/schema.org\",\"@graph\":[{\"@type\":[\"WebPage\",\"SearchResultsPage\"],\"@id\":\"https:\/\/www.champagne-bernard-gonet.fr\/politique-de-confidentialite\/\",\"url\":\"https:\/\/www.champagne-bernard-gonet.fr\/politique-de-confidentialite\/\",\"name\":\"Accueil - Champagne Bernard Gonet\",\"isPartOf\":{\"@id\":\"https:\/\/www.champagne-bernard-gonet.fr\/#website\"},\"datePublished\":\"2021-04-03T10:36:10+00:00\",\"dateModified\":\"2024-11-22T09:56:48+00:00\",\"description\":\"Retrouvez la page RGPD, la politique de confidentialit\u00e9 du site, les infos sur vos donn\u00e9es personnelles r\u00e9colt\u00e9es.\",\"breadcrumb\":{\"@id\":\"https:\/\/www.champagne-bernard-gonet.fr\/politique-de-confidentialite\/#breadcrumb\"},\"inLanguage\":\"es\",\"potentialAction\":[{\"@type\":\"ReadAction\",\"target\":[\"https:\/\/www.champagne-bernard-gonet.fr\/politique-de-confidentialite\/\"]}]},{\"@type\":\"BreadcrumbList\",\"@id\":\"https:\/\/www.champagne-bernard-gonet.fr\/politique-de-confidentialite\/#breadcrumb\",\"itemListElement\":[{\"@type\":\"ListItem\",\"position\":1,\"name\":\"Home\",\"item\":\"https:\/\/www.champagne-bernard-gonet.fr\/\"},{\"@type\":\"ListItem\",\"position\":2,\"name\":\"Politique de confidentialit\u00e9\"}]},{\"@type\":\"WebSite\",\"@id\":\"https:\/\/www.champagne-bernard-gonet.fr\/#website\",\"url\":\"https:\/\/www.champagne-bernard-gonet.fr\/\",\"name\":\"Champagne Bernard Gonet\",\"description\":\"\",\"publisher\":{\"@id\":\"https:\/\/www.champagne-bernard-gonet.fr\/#organization\"},\"potentialAction\":[{\"@type\":\"SearchAction\",\"target\":{\"@type\":\"EntryPoint\",\"urlTemplate\":\"https:\/\/www.champagne-bernard-gonet.fr\/?s={search_term_string}\"},\"query-input\":\"required name=search_term_string\"}],\"inLanguage\":\"es\"},{\"@type\":\"Organization\",\"@id\":\"https:\/\/www.champagne-bernard-gonet.fr\/#organization\",\"name\":\"Champagne Bernard Gonet\",\"url\":\"https:\/\/www.champagne-bernard-gonet.fr\/\",\"logo\":{\"@type\":\"ImageObject\",\"inLanguage\":\"es\",\"@id\":\"https:\/\/www.champagne-bernard-gonet.fr\/#\/schema\/logo\/image\/\",\"url\":\"https:\/\/www.champagne-bernard-gonet.fr\/wp-content\/uploads\/2020\/03\/bloc-lettre-footer.png\",\"contentUrl\":\"https:\/\/www.champagne-bernard-gonet.fr\/wp-content\/uploads\/2020\/03\/bloc-lettre-footer.png\",\"width\":400,\"height\":400,\"caption\":\"Champagne Bernard Gonet\"},\"image\":{\"@id\":\"https:\/\/www.champagne-bernard-gonet.fr\/#\/schema\/logo\/image\/\"}}]}<\/script>\n<!-- \/ Yoast SEO plugin. -->","yoast_head_json":{"title":"Accueil - Champagne Bernard Gonet","description":"Retrouvez la page RGPD, la politique de confidentialit\u00e9 du site, les infos sur vos donn\u00e9es personnelles r\u00e9colt\u00e9es.","robots":{"index":"index","follow":"follow","max-snippet":"max-snippet:-1","max-image-preview":"max-image-preview:large","max-video-preview":"max-video-preview:-1"},"canonical":"https:\/\/www.champagne-bernard-gonet.fr\/es\/politique-de-confidentialite\/","og_locale":"es_ES","og_type":"article","og_title":"Accueil - Champagne Bernard Gonet","og_description":"Retrouvez la page RGPD, la politique de confidentialit\u00e9 du site, les infos sur vos donn\u00e9es personnelles r\u00e9colt\u00e9es.","og_url":"https:\/\/www.champagne-bernard-gonet.fr\/es\/politique-de-confidentialite\/","og_site_name":"Champagne Bernard Gonet","article_modified_time":"2024-11-22T09:56:48+00:00","twitter_card":"summary_large_image","twitter_misc":{"Tiempo de lectura":"3 minutos"},"schema":{"@context":"https:\/\/schema.org","@graph":[{"@type":["WebPage","SearchResultsPage"],"@id":"https:\/\/www.champagne-bernard-gonet.fr\/politique-de-confidentialite\/","url":"https:\/\/www.champagne-bernard-gonet.fr\/politique-de-confidentialite\/","name":"Accueil - Champagne Bernard Gonet","isPartOf":{"@id":"https:\/\/www.champagne-bernard-gonet.fr\/#website"},"datePublished":"2021-04-03T10:36:10+00:00","dateModified":"2024-11-22T09:56:48+00:00","description":"Retrouvez la page RGPD, la politique de confidentialit\u00e9 du site, les infos sur vos donn\u00e9es personnelles r\u00e9colt\u00e9es.","breadcrumb":{"@id":"https:\/\/www.champagne-bernard-gonet.fr\/politique-de-confidentialite\/#breadcrumb"},"inLanguage":"es","potentialAction":[{"@type":"ReadAction","target":["https:\/\/www.champagne-bernard-gonet.fr\/politique-de-confidentialite\/"]}]},{"@type":"BreadcrumbList","@id":"https:\/\/www.champagne-bernard-gonet.fr\/politique-de-confidentialite\/#breadcrumb","itemListElement":[{"@type":"ListItem","position":1,"name":"Home","item":"https:\/\/www.champagne-bernard-gonet.fr\/"},{"@type":"ListItem","position":2,"name":"Politique de confidentialit\u00e9"}]},{"@type":"WebSite","@id":"https:\/\/www.champagne-bernard-gonet.fr\/#website","url":"https:\/\/www.champagne-bernard-gonet.fr\/","name":"Champagne Bernard Gonet","description":"","publisher":{"@id":"https:\/\/www.champagne-bernard-gonet.fr\/#organization"},"potentialAction":[{"@type":"SearchAction","target":{"@type":"EntryPoint","urlTemplate":"https:\/\/www.champagne-bernard-gonet.fr\/?s={search_term_string}"},"query-input":"required name=search_term_string"}],"inLanguage":"es"},{"@type":"Organization","@id":"https:\/\/www.champagne-bernard-gonet.fr\/#organization","name":"Champagne Bernard Gonet","url":"https:\/\/www.champagne-bernard-gonet.fr\/","logo":{"@type":"ImageObject","inLanguage":"es","@id":"https:\/\/www.champagne-bernard-gonet.fr\/#\/schema\/logo\/image\/","url":"https:\/\/www.champagne-bernard-gonet.fr\/wp-content\/uploads\/2020\/03\/bloc-lettre-footer.png","contentUrl":"https:\/\/www.champagne-bernard-gonet.fr\/wp-content\/uploads\/2020\/03\/bloc-lettre-footer.png","width":400,"height":400,"caption":"Champagne Bernard Gonet"},"image":{"@id":"https:\/\/www.champagne-bernard-gonet.fr\/#\/schema\/logo\/image\/"}}]}},"_links":{"self":[{"href":"https:\/\/www.champagne-bernard-gonet.fr\/es\/wp-json\/wp\/v2\/pages\/3","targetHints":{"allow":["GET"]}}],"collection":[{"href":"https:\/\/www.champagne-bernard-gonet.fr\/es\/wp-json\/wp\/v2\/pages"}],"about":[{"href":"https:\/\/www.champagne-bernard-gonet.fr\/es\/wp-json\/wp\/v2\/types\/page"}],"author":[{"embeddable":true,"href":"https:\/\/www.champagne-bernard-gonet.fr\/es\/wp-json\/wp\/v2\/users\/1"}],"replies":[{"embeddable":true,"href":"https:\/\/www.champagne-bernard-gonet.fr\/es\/wp-json\/wp\/v2\/comments?post=3"}],"version-history":[{"count":2,"href":"https:\/\/www.champagne-bernard-gonet.fr\/es\/wp-json\/wp\/v2\/pages\/3\/revisions"}],"predecessor-version":[{"id":988010,"href":"https:\/\/www.champagne-bernard-gonet.fr\/es\/wp-json\/wp\/v2\/pages\/3\/revisions\/988010"}],"wp:attachment":[{"href":"https:\/\/www.champagne-bernard-gonet.fr\/es\/wp-json\/wp\/v2\/media?parent=3"}],"curies":[{"name":"wp","href":"https:\/\/api.w.org\/{rel}","templated":true}]}}