{"id":3,"date":"2021-04-03T12:36:10","date_gmt":"2021-04-03T10:36:10","guid":{"rendered":"http:\/\/www.champagne-bernard-gonet.fr\/?page_id=3"},"modified":"2024-11-22T10:56:48","modified_gmt":"2024-11-22T09:56:48","slug":"politique-de-confidentialite","status":"publish","type":"page","link":"https:\/\/www.champagne-bernard-gonet.fr\/en\/politique-de-confidentialite\/","title":{"rendered":"Privacy policy"},"content":{"rendered":"<div class=\"vgblk-rw-wrapper limit-wrapper\">\n<p><strong><meta charset=\"utf-8\">Collection of personal information<\/strong><\/p>\n\n\n\n<h2 class=\"wp-block-heading\">Introduction<\/h2>\n\n\n\n<p>With the development of new communication tools, it is necessary to pay particular attention to the protection of privacy. This is why we are committed to respecting the confidentiality of the personal information we collect.<\/p>\n\n\n\n<h2 class=\"wp-block-heading\">Collection of personal information<\/h2>\n\n\n\n<ul class=\"wp-block-list\"><li>First name<\/li><li>Postal address<\/li><li>Postcode<\/li><li>E-mail address<\/li><li>Telephone\/fax number<\/li><\/ul>\n\n\n\n<p>The personal information we collect is gathered through forms and through the interactivity established between you and our website. As indicated in the following section, we also use cookies and\/or log files to gather information about you.<\/p>\n\n\n\n<h2 class=\"wp-block-heading\">Forms and interactivity:<\/h2>\n\n\n\n<p>Your personal information is collected via the following forms:<br>We use the information collected for the following purposes:<br>Your information is also collected through the interactivity that may be established between you and our website in the following ways:<br>We use the information collected for the following purposes:<\/p>\n\n\n\n<ul class=\"wp-block-list\"><li>Information or promotional offers<\/li><li>Contact<\/li><\/ul>\n\n\n\n<h2 class=\"wp-block-heading\">Right of objection and withdrawal<\/h2>\n\n\n\n<p>We are committed to offering you the right to object to the use of your personal information and the right to withdraw your consent to such use.<br>The right of withdrawal is understood to be the possibility offered to Internet users to request that their personal information no longer appears, for example, on a mailing list.<br><strong>To exercise these rights, you can :<\/strong><br>Postcode: 69002Courriel: nicolas@asb-digital.frT\u00e9l\u00e9phone: 0647046015Website section: http:\/\/www.champagne-bernard-gonet.fr\/<\/p>\n\n\n\n<h2 class=\"wp-block-heading\">Right of access<\/h2>\n\n\n\n<p>We undertake to grant a right of access and rectification to the persons concerned who wish to consult, modify or delete information concerning them.<br><strong>This right may be exercised :<\/strong><br>Postcode: 69002Courriel: nicolas@asb-digital.frT\u00e9l\u00e9phone: 0647046015Website section: http:\/\/www.champagne-bernard-gonet.fr\/<\/p>\n\n\n\n<h2 class=\"wp-block-heading\">Security<\/h2>\n\n\n\n<p>The personal information we collect is kept in a secure environment. The people working for us are required to respect the confidentiality of your information.<br>To ensure the security of your personal information, we use the following measures:<\/p>\n\n\n\n<ul class=\"wp-block-list\"><li>SSL protocol<\/li><li>Computer backup<\/li><\/ul>\n\n\n\n<p>We are committed to maintaining a high level of confidentiality by incorporating the latest technological innovations to ensure the confidentiality of your transactions. However, as no mechanism offers maximum security, there is always an element of risk when using the Internet to transmit personal information.<\/p>\n\n\n\n<h2 class=\"wp-block-heading\">Legislation<\/h2>\n\n\n\n<p>We undertake to comply with the legislative provisions set out in :<br>Legislation: Privacy policy<br><strong>Privacy policy generator \/ <\/strong><a href=\"\/\/www.politiquedeconfidentialite.ca\" target=\"_blank\" rel=\"noreferrer noopener\"><strong>Privacy policy<\/strong><\/a><\/p>\n<\/div><!-- .vgblk-rw-wrapper -->","protected":false},"excerpt":{"rendered":"<p>Collection of personal information Introduction With the development of new communication tools, it is necessary to pay particular attention to the protection of privacy. This is why we are committed to respecting the confidentiality of the personal information we collect. Collection of personal information First name Postal address Postal code E-mail address Telephone number...<\/p>","protected":false},"author":1,"featured_media":0,"parent":0,"menu_order":0,"comment_status":"closed","ping_status":"open","template":"","meta":{"footnotes":""},"class_list":["post-3","page","type-page","status-publish","hentry"],"yoast_head":"<!-- This site is optimized with the Yoast SEO plugin v20.7 - https:\/\/yoast.com\/wordpress\/plugins\/seo\/ -->\n<title>Accueil - Champagne Bernard Gonet<\/title>\n<meta name=\"description\" content=\"Retrouvez la page RGPD, la politique de confidentialit\u00e9 du site, les infos sur vos donn\u00e9es personnelles r\u00e9colt\u00e9es.\" \/>\n<meta name=\"robots\" content=\"index, follow, max-snippet:-1, max-image-preview:large, max-video-preview:-1\" \/>\n<link rel=\"canonical\" href=\"https:\/\/www.champagne-bernard-gonet.fr\/en\/politique-de-confidentialite\/\" \/>\n<meta property=\"og:locale\" content=\"en_GB\" \/>\n<meta property=\"og:type\" content=\"article\" \/>\n<meta property=\"og:title\" content=\"Accueil - Champagne Bernard Gonet\" \/>\n<meta property=\"og:description\" content=\"Retrouvez la page RGPD, la politique de confidentialit\u00e9 du site, les infos sur vos donn\u00e9es personnelles r\u00e9colt\u00e9es.\" \/>\n<meta property=\"og:url\" content=\"https:\/\/www.champagne-bernard-gonet.fr\/en\/politique-de-confidentialite\/\" \/>\n<meta property=\"og:site_name\" content=\"Champagne Bernard Gonet\" \/>\n<meta property=\"article:modified_time\" content=\"2024-11-22T09:56:48+00:00\" \/>\n<meta name=\"twitter:card\" content=\"summary_large_image\" \/>\n<meta name=\"twitter:label1\" content=\"Estimated reading time\" \/>\n\t<meta name=\"twitter:data1\" content=\"3 minutes\" \/>\n<script type=\"application\/ld+json\" class=\"yoast-schema-graph\">{\"@context\":\"https:\/\/schema.org\",\"@graph\":[{\"@type\":[\"WebPage\",\"SearchResultsPage\"],\"@id\":\"https:\/\/www.champagne-bernard-gonet.fr\/politique-de-confidentialite\/\",\"url\":\"https:\/\/www.champagne-bernard-gonet.fr\/politique-de-confidentialite\/\",\"name\":\"Accueil - Champagne Bernard Gonet\",\"isPartOf\":{\"@id\":\"https:\/\/www.champagne-bernard-gonet.fr\/#website\"},\"datePublished\":\"2021-04-03T10:36:10+00:00\",\"dateModified\":\"2024-11-22T09:56:48+00:00\",\"description\":\"Retrouvez la page RGPD, la politique de confidentialit\u00e9 du site, les infos sur vos donn\u00e9es personnelles r\u00e9colt\u00e9es.\",\"breadcrumb\":{\"@id\":\"https:\/\/www.champagne-bernard-gonet.fr\/politique-de-confidentialite\/#breadcrumb\"},\"inLanguage\":\"en-GB\",\"potentialAction\":[{\"@type\":\"ReadAction\",\"target\":[\"https:\/\/www.champagne-bernard-gonet.fr\/politique-de-confidentialite\/\"]}]},{\"@type\":\"BreadcrumbList\",\"@id\":\"https:\/\/www.champagne-bernard-gonet.fr\/politique-de-confidentialite\/#breadcrumb\",\"itemListElement\":[{\"@type\":\"ListItem\",\"position\":1,\"name\":\"Home\",\"item\":\"https:\/\/www.champagne-bernard-gonet.fr\/\"},{\"@type\":\"ListItem\",\"position\":2,\"name\":\"Politique de confidentialit\u00e9\"}]},{\"@type\":\"WebSite\",\"@id\":\"https:\/\/www.champagne-bernard-gonet.fr\/#website\",\"url\":\"https:\/\/www.champagne-bernard-gonet.fr\/\",\"name\":\"Champagne Bernard Gonet\",\"description\":\"\",\"publisher\":{\"@id\":\"https:\/\/www.champagne-bernard-gonet.fr\/#organization\"},\"potentialAction\":[{\"@type\":\"SearchAction\",\"target\":{\"@type\":\"EntryPoint\",\"urlTemplate\":\"https:\/\/www.champagne-bernard-gonet.fr\/?s={search_term_string}\"},\"query-input\":\"required name=search_term_string\"}],\"inLanguage\":\"en-GB\"},{\"@type\":\"Organization\",\"@id\":\"https:\/\/www.champagne-bernard-gonet.fr\/#organization\",\"name\":\"Champagne Bernard Gonet\",\"url\":\"https:\/\/www.champagne-bernard-gonet.fr\/\",\"logo\":{\"@type\":\"ImageObject\",\"inLanguage\":\"en-GB\",\"@id\":\"https:\/\/www.champagne-bernard-gonet.fr\/#\/schema\/logo\/image\/\",\"url\":\"https:\/\/www.champagne-bernard-gonet.fr\/wp-content\/uploads\/2020\/03\/bloc-lettre-footer.png\",\"contentUrl\":\"https:\/\/www.champagne-bernard-gonet.fr\/wp-content\/uploads\/2020\/03\/bloc-lettre-footer.png\",\"width\":400,\"height\":400,\"caption\":\"Champagne Bernard Gonet\"},\"image\":{\"@id\":\"https:\/\/www.champagne-bernard-gonet.fr\/#\/schema\/logo\/image\/\"}}]}<\/script>\n<!-- \/ Yoast SEO plugin. -->","yoast_head_json":{"title":"Accueil - Champagne Bernard Gonet","description":"Retrouvez la page RGPD, la politique de confidentialit\u00e9 du site, les infos sur vos donn\u00e9es personnelles r\u00e9colt\u00e9es.","robots":{"index":"index","follow":"follow","max-snippet":"max-snippet:-1","max-image-preview":"max-image-preview:large","max-video-preview":"max-video-preview:-1"},"canonical":"https:\/\/www.champagne-bernard-gonet.fr\/en\/politique-de-confidentialite\/","og_locale":"en_GB","og_type":"article","og_title":"Accueil - Champagne Bernard Gonet","og_description":"Retrouvez la page RGPD, la politique de confidentialit\u00e9 du site, les infos sur vos donn\u00e9es personnelles r\u00e9colt\u00e9es.","og_url":"https:\/\/www.champagne-bernard-gonet.fr\/en\/politique-de-confidentialite\/","og_site_name":"Champagne Bernard Gonet","article_modified_time":"2024-11-22T09:56:48+00:00","twitter_card":"summary_large_image","twitter_misc":{"Estimated reading time":"3 minutes"},"schema":{"@context":"https:\/\/schema.org","@graph":[{"@type":["WebPage","SearchResultsPage"],"@id":"https:\/\/www.champagne-bernard-gonet.fr\/politique-de-confidentialite\/","url":"https:\/\/www.champagne-bernard-gonet.fr\/politique-de-confidentialite\/","name":"Accueil - Champagne Bernard Gonet","isPartOf":{"@id":"https:\/\/www.champagne-bernard-gonet.fr\/#website"},"datePublished":"2021-04-03T10:36:10+00:00","dateModified":"2024-11-22T09:56:48+00:00","description":"Retrouvez la page RGPD, la politique de confidentialit\u00e9 du site, les infos sur vos donn\u00e9es personnelles r\u00e9colt\u00e9es.","breadcrumb":{"@id":"https:\/\/www.champagne-bernard-gonet.fr\/politique-de-confidentialite\/#breadcrumb"},"inLanguage":"en-GB","potentialAction":[{"@type":"ReadAction","target":["https:\/\/www.champagne-bernard-gonet.fr\/politique-de-confidentialite\/"]}]},{"@type":"BreadcrumbList","@id":"https:\/\/www.champagne-bernard-gonet.fr\/politique-de-confidentialite\/#breadcrumb","itemListElement":[{"@type":"ListItem","position":1,"name":"Home","item":"https:\/\/www.champagne-bernard-gonet.fr\/"},{"@type":"ListItem","position":2,"name":"Politique de confidentialit\u00e9"}]},{"@type":"WebSite","@id":"https:\/\/www.champagne-bernard-gonet.fr\/#website","url":"https:\/\/www.champagne-bernard-gonet.fr\/","name":"Champagne Bernard Gonet","description":"","publisher":{"@id":"https:\/\/www.champagne-bernard-gonet.fr\/#organization"},"potentialAction":[{"@type":"SearchAction","target":{"@type":"EntryPoint","urlTemplate":"https:\/\/www.champagne-bernard-gonet.fr\/?s={search_term_string}"},"query-input":"required name=search_term_string"}],"inLanguage":"en-GB"},{"@type":"Organization","@id":"https:\/\/www.champagne-bernard-gonet.fr\/#organization","name":"Champagne Bernard Gonet","url":"https:\/\/www.champagne-bernard-gonet.fr\/","logo":{"@type":"ImageObject","inLanguage":"en-GB","@id":"https:\/\/www.champagne-bernard-gonet.fr\/#\/schema\/logo\/image\/","url":"https:\/\/www.champagne-bernard-gonet.fr\/wp-content\/uploads\/2020\/03\/bloc-lettre-footer.png","contentUrl":"https:\/\/www.champagne-bernard-gonet.fr\/wp-content\/uploads\/2020\/03\/bloc-lettre-footer.png","width":400,"height":400,"caption":"Champagne Bernard Gonet"},"image":{"@id":"https:\/\/www.champagne-bernard-gonet.fr\/#\/schema\/logo\/image\/"}}]}},"_links":{"self":[{"href":"https:\/\/www.champagne-bernard-gonet.fr\/en\/wp-json\/wp\/v2\/pages\/3","targetHints":{"allow":["GET"]}}],"collection":[{"href":"https:\/\/www.champagne-bernard-gonet.fr\/en\/wp-json\/wp\/v2\/pages"}],"about":[{"href":"https:\/\/www.champagne-bernard-gonet.fr\/en\/wp-json\/wp\/v2\/types\/page"}],"author":[{"embeddable":true,"href":"https:\/\/www.champagne-bernard-gonet.fr\/en\/wp-json\/wp\/v2\/users\/1"}],"replies":[{"embeddable":true,"href":"https:\/\/www.champagne-bernard-gonet.fr\/en\/wp-json\/wp\/v2\/comments?post=3"}],"version-history":[{"count":2,"href":"https:\/\/www.champagne-bernard-gonet.fr\/en\/wp-json\/wp\/v2\/pages\/3\/revisions"}],"predecessor-version":[{"id":988010,"href":"https:\/\/www.champagne-bernard-gonet.fr\/en\/wp-json\/wp\/v2\/pages\/3\/revisions\/988010"}],"wp:attachment":[{"href":"https:\/\/www.champagne-bernard-gonet.fr\/en\/wp-json\/wp\/v2\/media?parent=3"}],"curies":[{"name":"wp","href":"https:\/\/api.w.org\/{rel}","templated":true}]}}